{"id":593,"date":"2024-04-15T12:30:20","date_gmt":"2024-04-15T15:30:20","guid":{"rendered":"https:\/\/escolacirandas.org.br\/?page_id=593"},"modified":"2024-04-19T09:41:01","modified_gmt":"2024-04-19T12:41:01","slug":"a-cara-da-nossa-escola","status":"publish","type":"page","link":"https:\/\/escolacirandas.org.br\/br\/a-cara-da-nossa-escola\/","title":{"rendered":"A escola"},"content":{"rendered":"\n<p><strong>N\u00f3s, da Escola Comunit\u00e1ria Cirandas, desejamos e trabalhamos para que:<\/strong><\/p>\n\n\n\n<div class=\"wp-block-media-text has-media-on-the-right is-stacked-on-mobile is-image-fill\"><div class=\"wp-block-media-text__content\">\n<h2 class=\"wp-block-heading\"><strong>Os(as) Educadores(as):<\/strong><\/h2>\n\n\n\n<ul class=\"wp-block-list\">\n<li>Sejam mediadores e despertem o encantamento no processo de constru\u00e7\u00e3o do conhecimento;<\/li>\n\n\n\n<li>Entrela\u00e7am o conhecimento emp\u00edrico e cient\u00edfico;<\/li>\n\n\n\n<li>Tamb\u00e9m sejam aprendizes;<\/li>\n\n\n\n<li>Busquem a valoriza\u00e7\u00e3o e a adapta\u00e7\u00e3o da diversidade dentro do processo de aprendizagem<\/li>\n<\/ul>\n<\/div><figure class=\"wp-block-media-text__media\" style=\"background-image:url(https:\/\/escolacirandas.org.br\/wp-content\/uploads\/2024\/04\/20210218_223403-1024x556.jpg);background-position:50% 50%\"><img fetchpriority=\"high\" decoding=\"async\" width=\"1024\" height=\"556\" src=\"https:\/\/escolacirandas.org.br\/wp-content\/uploads\/2024\/04\/20210218_223403-1024x556.jpg\" alt=\"\" class=\"wp-image-611 size-full\" srcset=\"https:\/\/escolacirandas.org.br\/wp-content\/uploads\/2024\/04\/20210218_223403-1024x556.jpg 1024w, https:\/\/escolacirandas.org.br\/wp-content\/uploads\/2024\/04\/20210218_223403-300x163.jpg 300w, https:\/\/escolacirandas.org.br\/wp-content\/uploads\/2024\/04\/20210218_223403-768x417.jpg 768w, https:\/\/escolacirandas.org.br\/wp-content\/uploads\/2024\/04\/20210218_223403-1536x835.jpg 1536w, https:\/\/escolacirandas.org.br\/wp-content\/uploads\/2024\/04\/20210218_223403-18x10.jpg 18w, https:\/\/escolacirandas.org.br\/wp-content\/uploads\/2024\/04\/20210218_223403.jpg 1800w\" sizes=\"(max-width: 1024px) 100vw, 1024px\" \/><\/figure><\/div>\n\n\n\n<div class=\"wp-block-media-text is-stacked-on-mobile is-image-fill\"><figure class=\"wp-block-media-text__media\" style=\"background-image:url(https:\/\/escolacirandas.org.br\/wp-content\/uploads\/2024\/04\/20210218_223700-1024x565.jpg);background-position:50% 50%\"><img decoding=\"async\" width=\"1024\" height=\"565\" src=\"https:\/\/escolacirandas.org.br\/wp-content\/uploads\/2024\/04\/20210218_223700-1024x565.jpg\" alt=\"\" class=\"wp-image-608 size-full\" srcset=\"https:\/\/escolacirandas.org.br\/wp-content\/uploads\/2024\/04\/20210218_223700-1024x565.jpg 1024w, https:\/\/escolacirandas.org.br\/wp-content\/uploads\/2024\/04\/20210218_223700-300x166.jpg 300w, https:\/\/escolacirandas.org.br\/wp-content\/uploads\/2024\/04\/20210218_223700-768x424.jpg 768w, https:\/\/escolacirandas.org.br\/wp-content\/uploads\/2024\/04\/20210218_223700-1536x847.jpg 1536w, https:\/\/escolacirandas.org.br\/wp-content\/uploads\/2024\/04\/20210218_223700-18x10.jpg 18w, https:\/\/escolacirandas.org.br\/wp-content\/uploads\/2024\/04\/20210218_223700.jpg 1800w\" sizes=\"(max-width: 1024px) 100vw, 1024px\" \/><\/figure><div class=\"wp-block-media-text__content\">\n<h2 class=\"wp-block-heading\"><strong>Os(as) Educandos(as):<\/strong><\/h2>\n\n\n\n<ul class=\"wp-block-list\">\n<li>Sejam cocriadores do processo de constru\u00e7\u00e3o do conhecimento;<\/li>\n\n\n\n<li>Sejam cr\u00edticos, com argumenta\u00e7\u00f5es coerentes;<\/li>\n\n\n\n<li>Respeitem e aprendam com a diversidade;<\/li>\n\n\n\n<li>Sejam capazes de ir em busca do conhecimento estimulados por seus interesses;<\/li>\n\n\n\n<li>Compreendam seu papel, lugar, atua\u00e7\u00e3o e import\u00e2ncia na sociedade;<\/li>\n\n\n\n<li>Valorizem os diversos aspectos do seu ser;<\/li>\n\n\n\n<li>Sejam criativos e confiantes<\/li>\n\n\n\n<li>Sejam generosos, emp\u00e1ticos e solid\u00e1rios.<\/li>\n<\/ul>\n<\/div><\/div>\n\n\n\n<div class=\"wp-block-columns is-layout-flex wp-container-core-columns-is-layout-28f84493 wp-block-columns-is-layout-flex\">\n<div class=\"wp-block-column is-layout-flow wp-block-column-is-layout-flow\">\n<h2 class=\"wp-block-heading\"><strong>A Rela\u00e7\u00e3o entre Educadores(as) e Educandos(as):<\/strong><\/h2>\n\n\n\n<ul class=\"wp-block-list\">\n<li>Seja horizontal, respeitando os limites;<\/li>\n\n\n\n<li>Seja afetiva e pautada na confian\u00e7a e respeito;<\/li>\n\n\n\n<li>Seja dial\u00f3gica e harmoniosa.<a href=\"https:\/\/web.archive.org\/web\/20230312200706\/http:\/\/escolacirandas.org.br\/novosite\/wordpress\/wp-content\/uploads\/2022\/02\/Show_de_Talentos_Cirandas_2022-62.jpg\"><\/a><a href=\"https:\/\/web.archive.org\/web\/20230312200706\/http:\/\/escolacirandas.org.br\/novosite\/wordpress\/wp-content\/uploads\/2022\/02\/Show_de_Talentos_Cirandas_2022-46.jpg\"><\/a><a href=\"https:\/\/web.archive.org\/web\/20230312200706\/http:\/\/escolacirandas.org.br\/novosite\/wordpress\/wp-content\/uploads\/2022\/02\/Show_de_Talentos_Cirandas_2022-8.jpg\"><\/a><a href=\"https:\/\/web.archive.org\/web\/20230312200706\/http:\/\/escolacirandas.org.br\/novosite\/wordpress\/wp-content\/uploads\/2022\/02\/Show_de_Talentos_Cirandas_2022-2.jpg\"><\/a><\/li>\n<\/ul>\n<\/div>\n\n\n\n<div class=\"wp-block-column is-layout-flow wp-block-column-is-layout-flow\">\n<h2 class=\"wp-block-heading\"><strong>O Processo de Ensino \u2013 Aprendizagem:<\/strong><\/h2>\n\n\n\n<ul class=\"wp-block-list\">\n<li>Seja significativo e de troca constante;<\/li>\n\n\n\n<li>Seja constru\u00eddo ao longo do processo e em conjunto com o(a) educando(a), despertando o encantamento, sem deixar de lado os conte\u00fados m\u00ednimos obrigat\u00f3rios;<\/li>\n\n\n\n<li>Seja din\u00e2mico e vivo.<\/li>\n<\/ul>\n<\/div>\n<\/div>\n\n\n\n<h2 class=\"wp-block-heading\"><strong>Conte\u00fados<\/strong><\/h2>\n\n\n\n<ul class=\"wp-block-list\">\n<li>Sejam contextualizados para propiciar a aprendizagem significativa;<\/li>\n\n\n\n<li>Sejam instrumentos para aprender a apreender;<\/li>\n\n\n\n<li>Sejam ampliados, trazendo a import\u00e2ncia dos procedimentos, rela\u00e7\u00f5es, autoconhecimento e vida pr\u00e1tica;<\/li>\n\n\n\n<li>Os conte\u00fados m\u00ednimos obrigat\u00f3rios sejam bem definidos, e trabalhados e acompanhados ao longo do percurso do(a) estudante na escola.<\/li>\n<\/ul>\n\n\n\n<p><strong>No que se refere ao papel de nossos(as) estudantes no mundo, esperamos formar:<\/strong><\/p>\n\n\n\n<ul class=\"wp-block-list\">\n<li>Indiv\u00edduos transformadores da atual realidade social;<\/li>\n\n\n\n<li>Indiv\u00edduos seguros de suas escolhas;<\/li>\n\n\n\n<li>Indiv\u00edduos que compreendam, questionem e atuem no micro e no macro da sociedade.<\/li>\n\n\n\n<li>Indiv\u00edduos colaborativos e solid\u00e1rios;&nbsp;<\/li>\n<\/ul>\n\n\n\n<p>Assim, nossos&nbsp;<strong>Objetivos Gerais&nbsp;<\/strong>s\u00e3o:<\/p>\n\n\n\n<ul class=\"wp-block-list\">\n<li>Transformar a realidade social;<\/li>\n\n\n\n<li>Formar seres felizes que amem a vida;<\/li>\n\n\n\n<li>Formar seres emp\u00e1ticos, capazes de pensar no bem comum como uma premissa para uma sociedade mais justa;<\/li>\n\n\n\n<li>Formar sujeitos capazes de compreender e expressar sentimentos e emo\u00e7\u00f5es;<\/li>\n\n\n\n<li>Garantir o acesso e a constru\u00e7\u00e3o dos conhecimentos cient\u00edficos\/acad\u00eamicos, de forma que possibilitem quaisquer escolhas na vida de cada um(a) de nossos(as) estudantes.<\/li>\n<\/ul>\n","protected":false},"excerpt":{"rendered":"<p>N\u00f3s, da Escola Comunit\u00e1ria Cirandas, desejamos e trabalhamos para que: A Rela\u00e7\u00e3o entre Educadores(as) e Educandos(as): O Processo de Ensino \u2013 Aprendizagem: Conte\u00fados No que se refere ao papel de nossos(as) estudantes no mundo, esperamos formar: Assim, nossos&nbsp;Objetivos Gerais&nbsp;s\u00e3o:<\/p>\n","protected":false},"author":1,"featured_media":621,"parent":0,"menu_order":0,"comment_status":"closed","ping_status":"closed","template":"","meta":{"_acf_changed":false,"footnotes":""},"coauthors":[5],"class_list":["post-593","page","type-page","status-publish","has-post-thumbnail","hentry"],"acf":[],"_links":{"self":[{"href":"https:\/\/escolacirandas.org.br\/br\/wp-json\/wp\/v2\/pages\/593","targetHints":{"allow":["GET"]}}],"collection":[{"href":"https:\/\/escolacirandas.org.br\/br\/wp-json\/wp\/v2\/pages"}],"about":[{"href":"https:\/\/escolacirandas.org.br\/br\/wp-json\/wp\/v2\/types\/page"}],"author":[{"embeddable":true,"href":"https:\/\/escolacirandas.org.br\/br\/wp-json\/wp\/v2\/users\/1"}],"replies":[{"embeddable":true,"href":"https:\/\/escolacirandas.org.br\/br\/wp-json\/wp\/v2\/comments?post=593"}],"version-history":[{"count":9,"href":"https:\/\/escolacirandas.org.br\/br\/wp-json\/wp\/v2\/pages\/593\/revisions"}],"predecessor-version":[{"id":632,"href":"https:\/\/escolacirandas.org.br\/br\/wp-json\/wp\/v2\/pages\/593\/revisions\/632"}],"wp:featuredmedia":[{"embeddable":true,"href":"https:\/\/escolacirandas.org.br\/br\/wp-json\/wp\/v2\/media\/621"}],"wp:attachment":[{"href":"https:\/\/escolacirandas.org.br\/br\/wp-json\/wp\/v2\/media?parent=593"}],"wp:term":[{"taxonomy":"author","embeddable":true,"href":"https:\/\/escolacirandas.org.br\/br\/wp-json\/wp\/v2\/coauthors?post=593"}],"curies":[{"name":"wp","href":"https:\/\/api.w.org\/{rel}","templated":true}]}}