{"id":595,"date":"2024-04-15T12:32:00","date_gmt":"2024-04-15T15:32:00","guid":{"rendered":"https:\/\/escolacirandas.org.br\/?page_id=595"},"modified":"2024-04-30T11:51:05","modified_gmt":"2024-04-30T14:51:05","slug":"matricule-se","status":"publish","type":"page","link":"https:\/\/escolacirandas.org.br\/br\/matricule-se\/","title":{"rendered":"Matricule-se"},"content":{"rendered":"\n<p><strong><br><\/strong>Nossa escola atende aos estudantes do ensino fundamental \u2013 do 1\u00ba ao 9\u00ba ano \u2013\u00a0Em Per\u00edodo integral, de 8h \u00e0s 15h.<\/p>\n\n\n\n<h2 class=\"wp-block-heading\"><strong>Passo a passo para a solicita\u00e7\u00e3o de vagas:<\/strong><\/h2>\n\n\n\n<ul class=\"wp-block-list\">\n<li>preencher a ficha de inten\u00e7\u00e3o de matr\u00edcula;<\/li>\n\n\n\n<li>aguardar a escola que, se houver disponibilidade de vaga, entrar\u00e1 em contato para o preenchimento de um formul\u00e1rio que dar\u00e1 acesso ao agendamento de uma entrevista socioecon\u00f4mica com a assistente social e com a coordenadora do administrativo e financeiro, atrav\u00e9s da Comiss\u00e3o de Contribui\u00e7\u00f5es do projeto;<\/li>\n\n\n\n<li>ap\u00f3s passar pela entrevista, se o perfil da fam\u00edlia e do estudante realmente se encaixar na vaga dispon\u00edvel, a matr\u00edcula ser\u00e1 efetuada de acordo com a pol\u00edtica socioecon\u00f4mica da escola.<\/li>\n<\/ul>\n\n\n\n<h2 class=\"wp-block-heading\"><strong>Ficha de inten\u00e7\u00e3o de Matr\u00edcula&nbsp;<\/strong><\/h2>\n\n\n\n<p>A presente ficha deve ser preenchida pelas fam\u00edlias ou respons\u00e1veis legais pela crian\u00e7a que pretende receber a matr\u00edcula, com ou sem apoio de redu\u00e7\u00e3o na contribui\u00e7\u00e3o mensal, da Escola Comunit\u00e1ria Cirandas.<br>O preenchimento desta ficha n\u00e3o garante vaga na escola. N\u00e3o h\u00e1 prazo para a resposta \u00e0 presente solicita\u00e7\u00e3o. Isso depender\u00e1 do n\u00famero de vagas dispon\u00edveis e do perfil da crian\u00e7a.<br>Esta ficha expira no prazo de 1 ano. Caso voc\u00ea n\u00e3o seja contatado neste per\u00edodo e continue com interesse na matr\u00edcula, por favor, preencha uma nova ficha.<br>Se deseja solicitar matr\u00edcula para mais de uma crian\u00e7a, preencha fichas individuais para cada crian\u00e7a.<br>Conhe\u00e7a os crit\u00e9rios de sele\u00e7\u00e3o de apoios na Pol\u00edtica Socioecon\u00f4mica da escola. A Escola Comunit\u00e1ria Cirandas \u00e9 soberana na escolha dos estudantes apoiados de forma parcial ou integral.<\/p>\n\n\n\n<h2 class=\"wp-block-heading\"><strong>Tem inten\u00e7\u00e3o de matr\u00edcula ?<\/strong><\/h2>\n\n\n\n<div>[formidable id=&#8221;1&#8243;]<\/div>\n","protected":false},"excerpt":{"rendered":"<p>Nossa escola atende aos estudantes do ensino fundamental \u2013 do 1\u00ba ao 9\u00ba ano \u2013\u00a0Em Per\u00edodo integral, de 8h \u00e0s 15h. Passo a passo para a solicita\u00e7\u00e3o de vagas: Ficha de inten\u00e7\u00e3o de Matr\u00edcula&nbsp; A presente ficha deve ser preenchida pelas fam\u00edlias ou respons\u00e1veis legais pela crian\u00e7a que pretende receber a matr\u00edcula, com ou sem [&hellip;]<\/p>\n","protected":false},"author":1,"featured_media":642,"parent":0,"menu_order":0,"comment_status":"closed","ping_status":"closed","template":"","meta":{"_acf_changed":false,"footnotes":""},"coauthors":[5],"class_list":["post-595","page","type-page","status-publish","has-post-thumbnail","hentry"],"acf":[],"_links":{"self":[{"href":"https:\/\/escolacirandas.org.br\/br\/wp-json\/wp\/v2\/pages\/595","targetHints":{"allow":["GET"]}}],"collection":[{"href":"https:\/\/escolacirandas.org.br\/br\/wp-json\/wp\/v2\/pages"}],"about":[{"href":"https:\/\/escolacirandas.org.br\/br\/wp-json\/wp\/v2\/types\/page"}],"author":[{"embeddable":true,"href":"https:\/\/escolacirandas.org.br\/br\/wp-json\/wp\/v2\/users\/1"}],"replies":[{"embeddable":true,"href":"https:\/\/escolacirandas.org.br\/br\/wp-json\/wp\/v2\/comments?post=595"}],"version-history":[{"count":3,"href":"https:\/\/escolacirandas.org.br\/br\/wp-json\/wp\/v2\/pages\/595\/revisions"}],"predecessor-version":[{"id":641,"href":"https:\/\/escolacirandas.org.br\/br\/wp-json\/wp\/v2\/pages\/595\/revisions\/641"}],"wp:featuredmedia":[{"embeddable":true,"href":"https:\/\/escolacirandas.org.br\/br\/wp-json\/wp\/v2\/media\/642"}],"wp:attachment":[{"href":"https:\/\/escolacirandas.org.br\/br\/wp-json\/wp\/v2\/media?parent=595"}],"wp:term":[{"taxonomy":"author","embeddable":true,"href":"https:\/\/escolacirandas.org.br\/br\/wp-json\/wp\/v2\/coauthors?post=595"}],"curies":[{"name":"wp","href":"https:\/\/api.w.org\/{rel}","templated":true}]}}