{"id":633,"date":"2024-04-19T09:42:31","date_gmt":"2024-04-19T12:42:31","guid":{"rendered":"https:\/\/escolacirandas.org.br\/?page_id=633"},"modified":"2024-05-02T13:04:09","modified_gmt":"2024-05-02T16:04:09","slug":"doacoes","status":"publish","type":"page","link":"https:\/\/escolacirandas.org.br\/br\/doacoes\/","title":{"rendered":"Doa\u00e7\u00f5es"},"content":{"rendered":"\n<p>A escola conta com um Fundo de Doa\u00e7\u00f5es que faz parte das a\u00e7\u00f5es de capta\u00e7\u00e3o de recursos para o projeto. <\/p>\n\n\n\n<p>Atualmente temos um desafio de capta\u00e7\u00e3o para o or\u00e7amento de 2024 e qualquer contribui\u00e7\u00e3o de pessoa f\u00edsica ou jur\u00eddica nos ajuda no cumprimento de nossos compromissos financeiros para este ano. <\/p>\n\n\n\n<p>Voc\u00ea pode contribuir atrav\u00e9s da conta abaixo, direcionada ao fundo:<\/p>\n\n\n\n<div class=\"wp-block-media-text is-stacked-on-mobile\" style=\"grid-template-columns:25% auto\"><figure class=\"wp-block-media-text__media\"><img fetchpriority=\"high\" decoding=\"async\" width=\"584\" height=\"582\" src=\"https:\/\/escolacirandas.org.br\/wp-content\/uploads\/2024\/04\/image.png\" alt=\"\" class=\"wp-image-649 size-full\" srcset=\"https:\/\/escolacirandas.org.br\/wp-content\/uploads\/2024\/04\/image.png 584w, https:\/\/escolacirandas.org.br\/wp-content\/uploads\/2024\/04\/image-300x300.png 300w, https:\/\/escolacirandas.org.br\/wp-content\/uploads\/2024\/04\/image-150x150.png 150w, https:\/\/escolacirandas.org.br\/wp-content\/uploads\/2024\/04\/image-12x12.png 12w, https:\/\/escolacirandas.org.br\/wp-content\/uploads\/2024\/04\/image-50x50.png 50w\" sizes=\"(max-width: 584px) 100vw, 584px\" \/><\/figure><div class=\"wp-block-media-text__content\">\n<p>Banco Bradesco<\/p>\n\n\n\n<p>Ag\u00eancia: 2406-4 \/ conta-poupan\u00e7a: 21598-8<\/p>\n\n\n\n<p>PIX: 24992884259 (celular) <\/p>\n\n\n\n<p>CNPJ: 17.837.103\/0001-03<\/p>\n\n\n\n<p>Instituto Socioeducativo Oju Moran<\/p>\n\n\n\n<p>Toda contribui\u00e7\u00e3o \u00e9 sempre bem-vinda para a oferta de uma educa\u00e7\u00e3o pautada em valores para a transforma\u00e7\u00e3o social.<\/p>\n<\/div><\/div>\n","protected":false},"excerpt":{"rendered":"<p>A escola conta com um Fundo de Doa\u00e7\u00f5es que faz parte das a\u00e7\u00f5es de capta\u00e7\u00e3o de recursos para o projeto. Atualmente temos um desafio de capta\u00e7\u00e3o para o or\u00e7amento de 2024 e qualquer contribui\u00e7\u00e3o de pessoa f\u00edsica ou jur\u00eddica nos ajuda no cumprimento de nossos compromissos financeiros para este ano. Voc\u00ea pode contribuir atrav\u00e9s da [&hellip;]<\/p>\n","protected":false},"author":1,"featured_media":645,"parent":0,"menu_order":0,"comment_status":"closed","ping_status":"closed","template":"","meta":{"_acf_changed":false,"footnotes":""},"coauthors":[5],"class_list":["post-633","page","type-page","status-publish","has-post-thumbnail","hentry"],"acf":[],"_links":{"self":[{"href":"https:\/\/escolacirandas.org.br\/br\/wp-json\/wp\/v2\/pages\/633","targetHints":{"allow":["GET"]}}],"collection":[{"href":"https:\/\/escolacirandas.org.br\/br\/wp-json\/wp\/v2\/pages"}],"about":[{"href":"https:\/\/escolacirandas.org.br\/br\/wp-json\/wp\/v2\/types\/page"}],"author":[{"embeddable":true,"href":"https:\/\/escolacirandas.org.br\/br\/wp-json\/wp\/v2\/users\/1"}],"replies":[{"embeddable":true,"href":"https:\/\/escolacirandas.org.br\/br\/wp-json\/wp\/v2\/comments?post=633"}],"version-history":[{"count":8,"href":"https:\/\/escolacirandas.org.br\/br\/wp-json\/wp\/v2\/pages\/633\/revisions"}],"predecessor-version":[{"id":653,"href":"https:\/\/escolacirandas.org.br\/br\/wp-json\/wp\/v2\/pages\/633\/revisions\/653"}],"wp:featuredmedia":[{"embeddable":true,"href":"https:\/\/escolacirandas.org.br\/br\/wp-json\/wp\/v2\/media\/645"}],"wp:attachment":[{"href":"https:\/\/escolacirandas.org.br\/br\/wp-json\/wp\/v2\/media?parent=633"}],"wp:term":[{"taxonomy":"author","embeddable":true,"href":"https:\/\/escolacirandas.org.br\/br\/wp-json\/wp\/v2\/coauthors?post=633"}],"curies":[{"name":"wp","href":"https:\/\/api.w.org\/{rel}","templated":true}]}}