{"id":9,"date":"2024-03-16T09:03:23","date_gmt":"2024-03-16T12:03:23","guid":{"rendered":"http:\/\/escolacirandas.org.br\/?page_id=9"},"modified":"2024-04-19T09:36:18","modified_gmt":"2024-04-19T12:36:18","slug":"contato","status":"publish","type":"page","link":"https:\/\/escolacirandas.org.br\/en\/contato\/","title":{"rendered":"Fale Conosco"},"content":{"rendered":"<div class=\"wp-block-group is-vertical is-content-justification-stretch is-layout-flex wp-container-core-group-is-layout-7e924153 wp-block-group-is-layout-flex\" style=\"margin-top:8%\">\n<h2 class=\"wp-block-heading has-text-align-center\" style=\"margin-bottom:1.11rem\">Informa\u00e7\u00f5es<\/h2>\n\n\n\n<p class=\"has-text-align-center\">Email : <a href=\"mailto:secretaria@escolacirandas.org.br\" data-type=\"link\" data-id=\"support@yoursite.com\" rel=\"nofollow\">secretaria@escolacirandas.org.br<\/a><\/p>\n\n\n\n<div class=\"wp-block-group is-layout-constrained wp-container-core-group-is-layout-2218ac57 wp-block-group-is-layout-constrained\" style=\"padding-top:5%;padding-bottom:4.01rem\">\n<div class=\"wp-block-columns is-layout-flex wp-container-core-columns-is-layout-394952b5 wp-block-columns-is-layout-flex\">\n<div class=\"wp-block-column is-vertically-aligned-top is-layout-constrained wp-container-core-column-is-layout-d4f51017 wp-block-column-is-layout-constrained\" style=\"padding-left:1rem\">\n<div class=\"wp-block-columns is-not-stacked-on-mobile is-layout-flex wp-container-core-columns-is-layout-7e464bea wp-block-columns-is-layout-flex\">\n<div class=\"wp-block-column is-layout-flow wp-block-column-is-layout-flow\" style=\"flex-basis:20%\">\n<figure class=\"wp-block-image size-large is-resized\"><img decoding=\"async\" src=\"http:\/\/escolacirandas.org.br\/wp-content\/themes\/variations\/assets\/images\/island\/icon-location-pin.svg\" alt=\"\" class=\"wp-image-2351\" style=\"width:45px\"\/><\/figure>\n<\/div>\n\n\n\n<div class=\"wp-block-column is-layout-flow wp-block-column-is-layout-flow\" style=\"flex-basis:100%\">\n<h6 class=\"wp-block-heading has-text-align-left has-text-color has-prata-regular-font-family\" style=\"color:#07277c;margin-bottom:0.51rem;font-size:1.23rem;font-style:normal;font-weight:400;line-height:1.3;text-transform:capitalize\">Endere\u00e7o<\/h6>\n\n\n\n<p class=\"has-text-align-left has-text-color has-work-sans-regular-font-family\" style=\"color:#03081e;margin-top:0px;margin-bottom:0.51rem;font-size:0.91em;font-style:normal;font-weight:400;line-height:1.5\">Rua Quero Quero 286 <\/p>\n\n\n\n<p class=\"has-text-align-left has-text-color has-work-sans-regular-font-family\" style=\"color:#03081e;margin-top:0px;font-size:0.91em;font-style:normal;font-weight:400;line-height:1.5\">Paraty \/ RJ &#8211; Brasil <\/p>\n<\/div>\n<\/div>\n<\/div>\n\n\n\n<div class=\"wp-block-column is-vertically-aligned-top is-layout-constrained wp-container-core-column-is-layout-d4f51017 wp-block-column-is-layout-constrained\" style=\"padding-left:1rem\">\n<div class=\"wp-block-columns is-not-stacked-on-mobile is-layout-flex wp-container-core-columns-is-layout-7e464bea wp-block-columns-is-layout-flex\">\n<div class=\"wp-block-column is-layout-flow wp-block-column-is-layout-flow\" style=\"flex-basis:20%\">\n<figure class=\"wp-block-image size-large is-resized\"><img decoding=\"async\" src=\"http:\/\/escolacirandas.org.br\/wp-content\/themes\/variations\/assets\/images\/island\/icon-phone.svg\" alt=\"\" class=\"wp-image-2361\" style=\"width:45px\"\/><\/figure>\n<\/div>\n\n\n\n<div class=\"wp-block-column is-layout-flow wp-block-column-is-layout-flow\" style=\"flex-basis:100%\">\n<h6 class=\"wp-block-heading has-text-align-left has-text-color has-prata-regular-font-family\" style=\"color:#07277c;margin-bottom:0.51rem;font-size:1.23rem;font-style:normal;font-weight:400;line-height:1.3;text-transform:capitalize\">Contato<\/h6>\n\n\n\n<p class=\"has-text-align-left has-text-color has-link-color has-work-sans-regular-font-family wp-elements-54d72b963289149fc0a4512308f87f89\" style=\"color:#03081e;margin-top:0px;margin-bottom:0.51rem;font-size:0.91em;font-style:normal;font-weight:400;line-height:1.5;text-decoration:none\">WhatsApp <\/p>\n\n\n\n<p class=\"has-text-align-left has-text-color has-link-color has-work-sans-regular-font-family wp-elements-b418a38f0033a66a0323648c95039b4f\" style=\"color:#03081e;margin-top:0px;margin-bottom:0.51rem;font-size:0.91em;font-style:normal;font-weight:400;line-height:1.5;text-decoration:none\"><a href=\"https:\/\/wa.me\/+5524988574619\" data-type=\"link\" data-id=\"+0123.4567.8900\" rel=\"nofollow\">+55 24 98857-4619<\/a><\/p>\n<\/div>\n<\/div>\n<\/div>\n\n\n\n<div class=\"wp-block-column is-vertically-aligned-top is-content-justification-center is-layout-constrained wp-container-core-column-is-layout-4fae4cd2 wp-block-column-is-layout-constrained\" style=\"padding-left:1rem\">\n<div class=\"wp-block-columns is-not-stacked-on-mobile is-layout-flex wp-container-core-columns-is-layout-7e464bea wp-block-columns-is-layout-flex\">\n<div class=\"wp-block-column is-layout-flow wp-block-column-is-layout-flow\" style=\"flex-basis:20%\">\n<figure class=\"wp-block-image size-large is-resized\"><img decoding=\"async\" src=\"http:\/\/escolacirandas.org.br\/wp-content\/themes\/variations\/assets\/images\/island\/icon-clock.svg\" alt=\"\" class=\"wp-image-2360\" style=\"width:45px\"\/><\/figure>\n<\/div>\n\n\n\n<div class=\"wp-block-column is-layout-flow wp-block-column-is-layout-flow\" style=\"flex-basis:100%\">\n<h6 class=\"wp-block-heading has-text-align-left has-text-color has-prata-regular-font-family\" style=\"color:#07277c;margin-bottom:0.51rem;font-size:1.23rem;font-style:normal;font-weight:400;line-height:1.3;text-transform:capitalize\">Hor\u00e1rios<\/h6>\n\n\n\n<div class=\"wp-block-group is-layout-flex wp-container-core-group-is-layout-71e0c763 wp-block-group-is-layout-flex\" style=\"margin-top:0px;margin-bottom:0px;padding-top:0px;padding-right:0px;padding-bottom:0px;padding-left:0px\">\n<p class=\"has-text-align-left has-text-color has-work-sans-regular-font-family\" style=\"color:#03081e;margin-top:0px;margin-right:5px;margin-bottom:0.51rem;margin-left:0px;font-size:0.91em;font-style:normal;font-weight:400;line-height:1.5\">Segunda &#8211; Sexta:<\/p>\n\n\n\n<p class=\"has-text-align-left has-text-color has-work-sans-regular-font-family wp-container-content-9cfa9a5a\" style=\"color:#03081e;margin-top:0px;margin-bottom:0.51rem;margin-left:0px;font-size:0.91em;font-style:normal;font-weight:400;line-height:1.5\">08:00 &#8211; 16:00 <\/p>\n<\/div>\n\n\n\n<div class=\"wp-block-group is-layout-flex wp-container-core-group-is-layout-71e0c763 wp-block-group-is-layout-flex\" style=\"margin-top:0px;margin-bottom:0px;padding-top:0px;padding-right:0px;padding-bottom:0px;padding-left:0px\">\n<p class=\"has-text-align-left has-text-color has-work-sans-regular-font-family\" style=\"color:#03081e;margin-top:0px;margin-right:5px;margin-bottom:0.51rem;margin-left:0px;font-size:0.91em;font-style:normal;font-weight:400;line-height:1.5\"><\/p>\n<\/div>\n<\/div>\n<\/div>\n<\/div>\n<\/div>\n<\/div>\n<\/div>","protected":false},"excerpt":{"rendered":"<p>Informa\u00e7\u00f5es Email : secretaria@escolacirandas.org.br Endere\u00e7o Rua Quero Quero 286 Paraty \/ RJ &#8211; Brasil Contato WhatsApp +55 24 98857-4619 Hor\u00e1rios Segunda &#8211; Sexta: 08:00 &#8211; 16:00<\/p>","protected":false},"author":1,"featured_media":644,"parent":0,"menu_order":0,"comment_status":"closed","ping_status":"closed","template":"","meta":{"_acf_changed":false,"footnotes":""},"coauthors":[5],"class_list":["post-9","page","type-page","status-publish","has-post-thumbnail","hentry"],"acf":[],"_links":{"self":[{"href":"https:\/\/escolacirandas.org.br\/en\/wp-json\/wp\/v2\/pages\/9","targetHints":{"allow":["GET"]}}],"collection":[{"href":"https:\/\/escolacirandas.org.br\/en\/wp-json\/wp\/v2\/pages"}],"about":[{"href":"https:\/\/escolacirandas.org.br\/en\/wp-json\/wp\/v2\/types\/page"}],"author":[{"embeddable":true,"href":"https:\/\/escolacirandas.org.br\/en\/wp-json\/wp\/v2\/users\/1"}],"replies":[{"embeddable":true,"href":"https:\/\/escolacirandas.org.br\/en\/wp-json\/wp\/v2\/comments?post=9"}],"version-history":[{"count":10,"href":"https:\/\/escolacirandas.org.br\/en\/wp-json\/wp\/v2\/pages\/9\/revisions"}],"predecessor-version":[{"id":631,"href":"https:\/\/escolacirandas.org.br\/en\/wp-json\/wp\/v2\/pages\/9\/revisions\/631"}],"wp:featuredmedia":[{"embeddable":true,"href":"https:\/\/escolacirandas.org.br\/en\/wp-json\/wp\/v2\/media\/644"}],"wp:attachment":[{"href":"https:\/\/escolacirandas.org.br\/en\/wp-json\/wp\/v2\/media?parent=9"}],"wp:term":[{"taxonomy":"author","embeddable":true,"href":"https:\/\/escolacirandas.org.br\/en\/wp-json\/wp\/v2\/coauthors?post=9"}],"curies":[{"name":"wp","href":"https:\/\/api.w.org\/{rel}","templated":true}]}}